{"id":2743,"date":"2021-06-15T20:33:28","date_gmt":"2021-06-15T18:33:28","guid":{"rendered":"https:\/\/test.brpiorun.pl\/?page_id=2743"},"modified":"2021-06-15T20:45:31","modified_gmt":"2021-06-15T18:45:31","slug":"polityka-plikow-cookies","status":"publish","type":"page","link":"https:\/\/brpiorun.pl\/index.php\/polityka-plikow-cookies\/","title":{"rendered":"Polityka plik\u00f3w cookies"},"content":{"rendered":"\t\t<div data-elementor-type=\"wp-page\" data-elementor-id=\"2743\" class=\"elementor elementor-2743\">\n\t\t\t\t\t\t<div class=\"elementor-inner\">\n\t\t\t\t<div class=\"elementor-section-wrap\">\n\t\t\t\t\t\t\t\t\t<section class=\"elementor-section elementor-top-section elementor-element elementor-element-5361c955 elementor-section-boxed elementor-section-height-default elementor-section-height-default\" data-id=\"5361c955\" data-element_type=\"section\">\n\t\t\t\t\t\t<div class=\"elementor-container elementor-column-gap-default\">\n\t\t\t\t\t\t\t<div class=\"elementor-row\">\n\t\t\t\t\t<div class=\"elementor-column elementor-col-100 elementor-top-column elementor-element elementor-element-74c717e0\" data-id=\"74c717e0\" data-element_type=\"column\">\n\t\t\t<div class=\"elementor-column-wrap elementor-element-populated\">\n\t\t\t\t\t\t\t<div class=\"elementor-widget-wrap\">\n\t\t\t\t\t\t<div class=\"elementor-element elementor-element-d573255 elementor-widget elementor-widget-spacer\" data-id=\"d573255\" data-element_type=\"widget\" data-widget_type=\"spacer.default\">\n\t\t\t\t<div class=\"elementor-widget-container\">\n\t\t\t\t\t<div class=\"elementor-spacer\">\n\t\t\t<div class=\"elementor-spacer-inner\"><\/div>\n\t\t<\/div>\n\t\t\t\t<\/div>\n\t\t\t\t<\/div>\n\t\t\t\t<div class=\"elementor-element elementor-element-3e64b86 elementor-widget elementor-widget-text-editor\" data-id=\"3e64b86\" data-element_type=\"widget\" data-widget_type=\"text-editor.default\">\n\t\t\t\t<div class=\"elementor-widget-container\">\n\t\t\t\t\t\t\t\t<div class=\"elementor-text-editor elementor-clearfix\">\n\t\t\t\t<p style=\"text-align: center;\">Polityka <strong>plik\u00f3w cookie<\/strong><\/p>\t\t\t\t\t<\/div>\n\t\t\t\t\t\t<\/div>\n\t\t\t\t<\/div>\n\t\t\t\t<div class=\"elementor-element elementor-element-83bfcb4 elementor-widget-divider--view-line elementor-widget elementor-widget-divider\" data-id=\"83bfcb4\" data-element_type=\"widget\" data-widget_type=\"divider.default\">\n\t\t\t\t<div class=\"elementor-widget-container\">\n\t\t\t\t\t<div class=\"elementor-divider\">\n\t\t\t<span class=\"elementor-divider-separator\">\n\t\t\t\t\t\t<\/span>\n\t\t<\/div>\n\t\t\t\t<\/div>\n\t\t\t\t<\/div>\n\t\t\t\t<div class=\"elementor-element elementor-element-2f69179a elementor-widget elementor-widget-text-editor\" data-id=\"2f69179a\" data-element_type=\"widget\" data-widget_type=\"text-editor.default\">\n\t\t\t\t<div class=\"elementor-widget-container\">\n\t\t\t\t\t\t\t\t<div class=\"elementor-text-editor elementor-clearfix\">\n\t\t\t\t<!-- wp:paragraph -->\n<p><strong>1. Informacje og\u00f3lne<\/strong>.<\/p>\n<!-- \/wp:paragraph --><!-- wp:list {\"ordered\":true} -->\n<ol>\n<li>Serwis realizuje funkcje pozyskiwania informacji o u\u017cytkownikach i ich zachowaniu w nast\u0119puj\u0105cy spos\u00f3b:\n<ol>\n<li>Poprzez dobrowolnie wprowadzone w formularzach informacje.<\/li>\n<li>Poprzez zapisywanie w urz\u0105dzeniach ko\u0144cowych pliki cookie (tzw. \u201eciasteczka\u201d).<\/li>\n<li>Poprzez gromadzenie log\u00f3w serwera www przez operatora hostingowego.<\/li>\n<\/ol>\n<\/li>\n<\/ol>\n<!-- \/wp:list --><!-- wp:paragraph -->\n<p><strong>2. Informacje w formularzach.<\/strong><\/p>\n<!-- \/wp:paragraph --><!-- wp:list {\"ordered\":true} -->\n<ol>\n<li>Serwis zbiera informacje podane dobrowolnie przez u\u017cytkownika.<\/li>\n<li>Serwis mo\u017ce zapisa\u0107 ponadto informacje o parametrach po\u0142\u0105czenia (oznaczenie czasu, adres IP)<\/li>\n<li>Dane w formularzu nie s\u0105 udost\u0119pniane podmiotom trzecim inaczej, ni\u017c za zgod\u0105 u\u017cytkownika.<\/li>\n<li>Dane podane w formularzu mog\u0105 stanowi\u0107 zbi\u00f3r potencjalnych klient\u00f3w, zarejestrowany przez Operatora Serwisu w rejestrze prowadzonym przez Generalnego Inspektora Ochrony Danych Osobowych.<\/li>\n<li>Dane podane w formularzu s\u0105 przetwarzane w celu wynikaj\u0105cym z funkcji konkretnego formularza, np w celu dokonania procesu obs\u0142ugi zg\u0142oszenia serwisowego lub kontaktu handlowego.<\/li>\n<li>Dane podane w formularzach mog\u0105 by\u0107 przekazane podmiotom technicznie realizuj\u0105cym niekt\u00f3re us\u0142ugi \u2013 w szczeg\u00f3lno\u015bci dotyczy to przekazywania informacji o posiadaczu rejestrowanej domeny do podmiot\u00f3w b\u0119d\u0105cych operatorami domen internetowych (przede wszystkim Naukowa i Akademicka Sie\u0107 Komputerowa j.b.r \u2013 NASK), serwis\u00f3w obs\u0142uguj\u0105cych p\u0142atno\u015bci lub te\u017c innych podmiot\u00f3w, z kt\u00f3rymi Operator Serwisu w tym zakresie wsp\u00f3\u0142pracuje.<\/li>\n<\/ol>\n<!-- \/wp:list --><!-- wp:paragraph -->\n<p><strong>3. Informacja o plikach cookies.<\/strong><\/p>\n<!-- \/wp:paragraph --><!-- wp:list {\"ordered\":true} -->\n<ol>\n<li>Serwis korzysta z plik\u00f3w cookies.<\/li>\n<li>Pliki cookies (tzw. \u201eciasteczka\u201d) stanowi\u0105 dane informatyczne, w szczeg\u00f3lno\u015bci pliki tekstowe, kt\u00f3re przechowywane s\u0105 w urz\u0105dzeniu ko\u0144cowym U\u017cytkownika Serwisu i przeznaczone s\u0105 do korzystania ze stron internetowych Serwisu. Cookies zazwyczaj zawieraj\u0105 nazw\u0119 strony internetowej, z kt\u00f3rej pochodz\u0105, czas przechowywania ich na urz\u0105dzeniu ko\u0144cowym oraz unikalny numer.<\/li>\n<li>Podmiotem zamieszczaj\u0105cym na urz\u0105dzeniu ko\u0144cowym U\u017cytkownika Serwisu pliki cookies oraz uzyskuj\u0105cym do nich dost\u0119p jest operator Serwisu.<\/li>\n<li>Pliki cookies wykorzystywane s\u0105 w nast\u0119puj\u0105cych celach:\n<ol>\n<li>tworzenia statystyk, kt\u00f3re pomagaj\u0105 zrozumie\u0107, w jaki spos\u00f3b U\u017cytkownicy Serwisu korzystaj\u0105 ze stron internetowych, co umo\u017cliwia ulepszanie ich struktury i zawarto\u015bci;<\/li>\n<li>utrzymanie sesji U\u017cytkownika Serwisu (po zalogowaniu), dzi\u0119ki kt\u00f3rej U\u017cytkownik nie musi na ka\u017cdej podstronie Serwisu ponownie wpisywa\u0107 loginu i has\u0142a;<\/li>\n<li>okre\u015blania profilu u\u017cytkownika w celu wy\u015bwietlania mu dopasowanych materia\u0142\u00f3w w sieciach reklamowych, w szczeg\u00f3lno\u015bci sieci Google.<\/li>\n<\/ol>\n<\/li>\n<li>W ramach Serwisu stosowane s\u0105 dwa zasadnicze rodzaje plik\u00f3w cookies: \u201esesyjne\u201d (session cookies) oraz \u201esta\u0142e\u201d (persistent cookies). Cookies \u201esesyjne\u201d s\u0105 plikami tymczasowymi, kt\u00f3re przechowywane s\u0105 w urz\u0105dzeniu ko\u0144cowym U\u017cytkownika do czasu wylogowania, opuszczenia strony internetowej lub wy\u0142\u0105czenia oprogramowania (przegl\u0105darki internetowej). \u201eSta\u0142e\u201d pliki cookies przechowywane s\u0105 w urz\u0105dzeniu ko\u0144cowym U\u017cytkownika przez czas okre\u015blony w parametrach plik\u00f3w cookies lub do czasu ich usuni\u0119cia przez U\u017cytkownika.<\/li>\n<li>Oprogramowanie do przegl\u0105dania stron internetowych (przegl\u0105darka internetowa) zazwyczaj domy\u015blnie dopuszcza przechowywanie plik\u00f3w cookies w urz\u0105dzeniu ko\u0144cowym U\u017cytkownika. U\u017cytkownicy Serwisu mog\u0105 dokona\u0107 zmiany ustawie\u0144 w tym zakresie. Przegl\u0105darka internetowa umo\u017cliwia usuni\u0119cie plik\u00f3w cookies. Mo\u017cliwe jest tak\u017ce automatyczne blokowanie plik\u00f3w cookies Szczeg\u00f3\u0142owe informacje na ten temat zawiera pomoc lub dokumentacja przegl\u0105darki internetowej.<\/li>\n<li>Ograniczenia stosowania plik\u00f3w cookies mog\u0105 wp\u0142yn\u0105\u0107 na niekt\u00f3re funkcjonalno\u015bci dost\u0119pne na stronach internetowych Serwisu.<\/li>\n<li>Pliki cookies zamieszczane w urz\u0105dzeniu ko\u0144cowym U\u017cytkownika Serwisu i wykorzystywane mog\u0105 by\u0107 r\u00f3wnie\u017c przez wsp\u00f3\u0142pracuj\u0105cych z operatorem Serwisu reklamodawc\u00f3w oraz partner\u00f3w.<\/li>\n<li>Zalecamy przeczytanie polityki ochrony prywatno\u015bci tych firm, aby pozna\u0107 zasady korzystania z plik\u00f3w cookie wykorzystywane w statystykach:\u00a0<a href=\"http:\/\/www.google.pl\/intl\/pl\/analytics\/privacyoverview.html\">Polityka ochrony prywatno\u015bci Google Analytics<\/a><\/li>\n<li>Pliki cookie mog\u0105 by\u0107 wykorzystane przez sieci reklamowe, w szczeg\u00f3lno\u015bci sie\u0107 Google, do wy\u015bwietlenia reklam dopasowanych do sposobu, w jaki u\u017cytkownik korzysta z Serwisu. W tym celu mog\u0105 zachowa\u0107 informacj\u0119 o \u015bcie\u017cce nawigacji u\u017cytkownika lub czasie pozostawania na danej stronie.<\/li>\n<li>W zakresie informacji o preferencjach u\u017cytkownika gromadzonych przez sie\u0107 reklamow\u0105 Google u\u017cytkownik mo\u017ce przegl\u0105da\u0107 i edytowa\u0107 informacje wynikaj\u0105ce z plik\u00f3w cookies przy pomocy narz\u0119dzia:\u00a0<a href=\"https:\/\/www.google.com\/ads\/preferences\/\">https:\/\/www.google.com\/ads\/preferences\/<\/a><\/li>\n<\/ol>\n<!-- \/wp:list --><!-- wp:paragraph -->\n<p><strong>4. Logi serwera.<\/strong><\/p>\n<!-- \/wp:paragraph --><!-- wp:list {\"ordered\":true} -->\n<ol>\n<li>Informacje o niekt\u00f3rych zachowaniach u\u017cytkownik\u00f3w podlegaj\u0105 logowaniu w warstwie serwerowej. Dane te s\u0105 wykorzystywane wy\u0142\u0105cznie w celu administrowania serwisem oraz w celu zapewnienia jak najbardziej sprawnej obs\u0142ugi \u015bwiadczonych us\u0142ug hostingowych.<\/li>\n<li>Przegl\u0105dane zasoby identyfikowane s\u0105 poprzez adresy URL. Ponadto zapisowi mog\u0105 podlega\u0107:\n<ol>\n<li>czas nadej\u015bcia zapytania,<\/li>\n<li>czas wys\u0142ania odpowiedzi,<\/li>\n<li>nazw\u0119 stacji klienta \u2013 identyfikacja realizowana przez protok\u00f3\u0142 HTTP,<\/li>\n<li>informacje o b\u0142\u0119dach jakie nast\u0105pi\u0142y przy realizacji transakcji HTTP,<\/li>\n<li>adres URL strony poprzednio odwiedzanej przez u\u017cytkownika (referer link) \u2013 w przypadku gdy przej\u015bcie do Serwisu nast\u0105pi\u0142o przez odno\u015bnik,<\/li>\n<li>informacje o przegl\u0105darce u\u017cytkownika,<\/li>\n<li>Informacje o adresie IP.<\/li>\n<\/ol>\n<\/li>\n<li>Dane powy\u017csze nie s\u0105 kojarzone z konkretnymi osobami przegl\u0105daj\u0105cymi strony.<\/li>\n<li>Dane powy\u017csze s\u0105 wykorzystywane jedynie dla cel\u00f3w administrowania serwerem.<\/li>\n<\/ol>\n<!-- \/wp:list --><!-- wp:paragraph -->\n<p><strong>5. Udost\u0119pnienie danych.<\/strong><\/p>\n<!-- \/wp:paragraph --><!-- wp:list {\"ordered\":true} -->\n<ol>\n<li>Dane podlegaj\u0105 udost\u0119pnieniu podmiotom zewn\u0119trznym wy\u0142\u0105cznie w granicach prawnie dozwolonych.<\/li>\n<li>Dane umo\u017cliwiaj\u0105ce identyfikacj\u0119 osoby fizycznej s\u0105 udost\u0119pniane wy\u0142\u0105czenie za zgod\u0105 tej osoby.<\/li>\n<li>Operator mo\u017ce mie\u0107 obowi\u0105zek udzielania informacji zebranych przez Serwis upowa\u017cnionym organom na podstawie zgodnych z prawem \u017c\u0105da\u0144 w zakresie wynikaj\u0105cym z \u017c\u0105dania.<\/li>\n<\/ol>\n<!-- \/wp:list --><!-- wp:paragraph -->\n<p><strong>6. Zarz\u0105dzanie plikami cookies \u2013 jak w praktyce wyra\u017ca\u0107 i cofa\u0107 zgod\u0119?<\/strong><\/p>\n<!-- \/wp:paragraph --><!-- wp:list {\"ordered\":true} -->\n<ol>\n<li>Je\u015bli u\u017cytkownik nie chce otrzymywa\u0107 plik\u00f3w cookies, mo\u017ce zmieni\u0107 ustawienia przegl\u0105darki. Zastrzegamy, \u017ce wy\u0142\u0105czenie obs\u0142ugi plik\u00f3w cookies niezb\u0119dnych dla proces\u00f3w uwierzytelniania, bezpiecze\u0144stwa, utrzymania preferencji u\u017cytkownika mo\u017ce utrudni\u0107, a w skrajnych przypadkach mo\u017ce uniemo\u017cliwi\u0107 korzystanie ze stron www<\/li>\n<li>W celu zarz\u0105dzania ustawieniami cookies wybierz z listy poni\u017cej przegl\u0105dark\u0119 internetow\u0105\/ system i post\u0119puj zgodnie z instrukcjami:\n<ol>\n<li><a href=\"http:\/\/support.microsoft.com\/kb\/196955\">Internet Explorer<\/a><\/li>\n<li><a href=\"http:\/\/support.google.com\/chrome\/bin\/answer.py?hl=pl&amp;answer=95647\">Chrome<\/a><\/li>\n<li><a href=\"http:\/\/support.apple.com\/kb\/PH5042\">Safari<\/a><\/li>\n<li><a href=\"http:\/\/support.mozilla.org\/pl\/kb\/W%C5%82%C4%85czanie%20i%20wy%C5%82%C4%85czanie%20obs%C5%82ugi%20ciasteczek\">Firefox<\/a><\/li>\n<li><a href=\"http:\/\/help.opera.com\/Windows\/12.10\/pl\/cookies.html\">Opera<\/a><\/li>\n<li><a href=\"http:\/\/support.google.com\/chrome\/bin\/answer.py?hl=pl&amp;answer=95647\">Android<\/a><\/li>\n<li><a href=\"http:\/\/support.apple.com\/kb\/HT1677?viewlocale=pl_PL\">Safari (iOS)<\/a><\/li>\n<li><a href=\"http:\/\/www.windowsphone.com\/pl-pl\/how-to\/wp7\/web\/changing-privacy-and-other-browser-settings\">Windows Phone<\/a><\/li>\n<li><a href=\"http:\/\/docs.blackberry.com\/en\/smartphone_users\/deliverables\/32004\/Turn_off_cookies_in_the_browser_60_1072866_11.jsp\">Blackberry<\/a><\/li>\n<\/ol>\n<\/li>\n<\/ol>\n<!-- \/wp:list -->\t\t\t\t\t<\/div>\n\t\t\t\t\t\t<\/div>\n\t\t\t\t<\/div>\n\t\t\t\t\t\t<\/div>\n\t\t\t\t\t<\/div>\n\t\t<\/div>\n\t\t\t\t\t\t\t\t<\/div>\n\t\t\t\t\t<\/div>\n\t\t<\/section>\n\t\t\t\t\t\t\t\t\t<\/div>\n\t\t\t<\/div>\n\t\t\t\t\t<\/div>\n\t\t","protected":false},"excerpt":{"rendered":"<p>Polityka plik\u00f3w cookie 1. Informacje og\u00f3lne. Serwis realizuje funkcje pozyskiwania informacji o u\u017cytkownikach i ich zachowaniu w nast\u0119puj\u0105cy spos\u00f3b: Poprzez dobrowolnie wprowadzone w formularzach informacje. Poprzez zapisywanie w urz\u0105dzeniach ko\u0144cowych pliki cookie (tzw. \u201eciasteczka\u201d). Poprzez gromadzenie log\u00f3w serwera www przez operatora hostingowego. 2. Informacje w formularzach. Serwis zbiera informacje podane dobrowolnie przez u\u017cytkownika. Serwis mo\u017ce [&hellip;]<\/p>\n","protected":false},"author":1,"featured_media":0,"parent":0,"menu_order":0,"comment_status":"closed","ping_status":"closed","template":"elementor_canvas","meta":{"footnotes":""},"class_list":["post-2743","page","type-page","status-publish","hentry"],"yoast_head":"<!-- This site is optimized with the Yoast SEO plugin v24.9 - https:\/\/yoast.com\/wordpress\/plugins\/seo\/ -->\n<title>Polityka plik\u00f3w cookies - PIORUN Biuro Rachunkowe<\/title>\n<meta name=\"robots\" content=\"index, follow, max-snippet:-1, max-image-preview:large, max-video-preview:-1\" \/>\n<link rel=\"canonical\" href=\"https:\/\/brpiorun.pl\/index.php\/polityka-plikow-cookies\/\" \/>\n<meta property=\"og:locale\" content=\"pl_PL\" \/>\n<meta property=\"og:type\" content=\"article\" \/>\n<meta property=\"og:title\" content=\"Polityka plik\u00f3w cookies - PIORUN Biuro Rachunkowe\" \/>\n<meta property=\"og:description\" content=\"Polityka plik\u00f3w cookie 1. Informacje og\u00f3lne. Serwis realizuje funkcje pozyskiwania informacji o u\u017cytkownikach i ich zachowaniu w nast\u0119puj\u0105cy spos\u00f3b: Poprzez dobrowolnie wprowadzone w formularzach informacje. Poprzez zapisywanie w urz\u0105dzeniach ko\u0144cowych pliki cookie (tzw. \u201eciasteczka\u201d). Poprzez gromadzenie log\u00f3w serwera www przez operatora hostingowego. 2. Informacje w formularzach. Serwis zbiera informacje podane dobrowolnie przez u\u017cytkownika. Serwis mo\u017ce [&hellip;]\" \/>\n<meta property=\"og:url\" content=\"https:\/\/brpiorun.pl\/index.php\/polityka-plikow-cookies\/\" \/>\n<meta property=\"og:site_name\" content=\"PIORUN Biuro Rachunkowe\" \/>\n<meta property=\"article:modified_time\" content=\"2021-06-15T18:45:31+00:00\" \/>\n<meta name=\"twitter:card\" content=\"summary_large_image\" \/>\n<meta name=\"twitter:label1\" content=\"Szacowany czas czytania\" \/>\n\t<meta name=\"twitter:data1\" content=\"4 minuty\" \/>\n<script type=\"application\/ld+json\" class=\"yoast-schema-graph\">{\"@context\":\"https:\/\/schema.org\",\"@graph\":[{\"@type\":\"WebPage\",\"@id\":\"https:\/\/brpiorun.pl\/index.php\/polityka-plikow-cookies\/\",\"url\":\"https:\/\/brpiorun.pl\/index.php\/polityka-plikow-cookies\/\",\"name\":\"Polityka plik\u00f3w cookies - PIORUN Biuro Rachunkowe\",\"isPartOf\":{\"@id\":\"https:\/\/brpiorun.pl\/#website\"},\"datePublished\":\"2021-06-15T18:33:28+00:00\",\"dateModified\":\"2021-06-15T18:45:31+00:00\",\"breadcrumb\":{\"@id\":\"https:\/\/brpiorun.pl\/index.php\/polityka-plikow-cookies\/#breadcrumb\"},\"inLanguage\":\"pl-PL\",\"potentialAction\":[{\"@type\":\"ReadAction\",\"target\":[\"https:\/\/brpiorun.pl\/index.php\/polityka-plikow-cookies\/\"]}]},{\"@type\":\"BreadcrumbList\",\"@id\":\"https:\/\/brpiorun.pl\/index.php\/polityka-plikow-cookies\/#breadcrumb\",\"itemListElement\":[{\"@type\":\"ListItem\",\"position\":1,\"name\":\"Strona g\u0142\u00f3wna\",\"item\":\"https:\/\/brpiorun.pl\/\"},{\"@type\":\"ListItem\",\"position\":2,\"name\":\"Polityka plik\u00f3w cookies\"}]},{\"@type\":\"WebSite\",\"@id\":\"https:\/\/brpiorun.pl\/#website\",\"url\":\"https:\/\/brpiorun.pl\/\",\"name\":\"PIORUN Biuro Rachunkowe\",\"description\":\"Piotr Rusinowski\",\"publisher\":{\"@id\":\"https:\/\/brpiorun.pl\/#organization\"},\"potentialAction\":[{\"@type\":\"SearchAction\",\"target\":{\"@type\":\"EntryPoint\",\"urlTemplate\":\"https:\/\/brpiorun.pl\/?s={search_term_string}\"},\"query-input\":{\"@type\":\"PropertyValueSpecification\",\"valueRequired\":true,\"valueName\":\"search_term_string\"}}],\"inLanguage\":\"pl-PL\"},{\"@type\":\"Organization\",\"@id\":\"https:\/\/brpiorun.pl\/#organization\",\"name\":\"PIORUN Biuro Rachunkowe\",\"url\":\"https:\/\/brpiorun.pl\/\",\"logo\":{\"@type\":\"ImageObject\",\"inLanguage\":\"pl-PL\",\"@id\":\"https:\/\/brpiorun.pl\/#\/schema\/logo\/image\/\",\"url\":\"https:\/\/brpiorun.pl\/wp-content\/uploads\/2022\/03\/cropped-logo_br_p6.png\",\"contentUrl\":\"https:\/\/brpiorun.pl\/wp-content\/uploads\/2022\/03\/cropped-logo_br_p6.png\",\"width\":247,\"height\":88,\"caption\":\"PIORUN Biuro Rachunkowe\"},\"image\":{\"@id\":\"https:\/\/brpiorun.pl\/#\/schema\/logo\/image\/\"}}]}<\/script>\n<!-- \/ Yoast SEO plugin. -->","yoast_head_json":{"title":"Polityka plik\u00f3w cookies - PIORUN Biuro Rachunkowe","robots":{"index":"index","follow":"follow","max-snippet":"max-snippet:-1","max-image-preview":"max-image-preview:large","max-video-preview":"max-video-preview:-1"},"canonical":"https:\/\/brpiorun.pl\/index.php\/polityka-plikow-cookies\/","og_locale":"pl_PL","og_type":"article","og_title":"Polityka plik\u00f3w cookies - PIORUN Biuro Rachunkowe","og_description":"Polityka plik\u00f3w cookie 1. Informacje og\u00f3lne. Serwis realizuje funkcje pozyskiwania informacji o u\u017cytkownikach i ich zachowaniu w nast\u0119puj\u0105cy spos\u00f3b: Poprzez dobrowolnie wprowadzone w formularzach informacje. Poprzez zapisywanie w urz\u0105dzeniach ko\u0144cowych pliki cookie (tzw. \u201eciasteczka\u201d). Poprzez gromadzenie log\u00f3w serwera www przez operatora hostingowego. 2. Informacje w formularzach. Serwis zbiera informacje podane dobrowolnie przez u\u017cytkownika. Serwis mo\u017ce [&hellip;]","og_url":"https:\/\/brpiorun.pl\/index.php\/polityka-plikow-cookies\/","og_site_name":"PIORUN Biuro Rachunkowe","article_modified_time":"2021-06-15T18:45:31+00:00","twitter_card":"summary_large_image","twitter_misc":{"Szacowany czas czytania":"4 minuty"},"schema":{"@context":"https:\/\/schema.org","@graph":[{"@type":"WebPage","@id":"https:\/\/brpiorun.pl\/index.php\/polityka-plikow-cookies\/","url":"https:\/\/brpiorun.pl\/index.php\/polityka-plikow-cookies\/","name":"Polityka plik\u00f3w cookies - PIORUN Biuro Rachunkowe","isPartOf":{"@id":"https:\/\/brpiorun.pl\/#website"},"datePublished":"2021-06-15T18:33:28+00:00","dateModified":"2021-06-15T18:45:31+00:00","breadcrumb":{"@id":"https:\/\/brpiorun.pl\/index.php\/polityka-plikow-cookies\/#breadcrumb"},"inLanguage":"pl-PL","potentialAction":[{"@type":"ReadAction","target":["https:\/\/brpiorun.pl\/index.php\/polityka-plikow-cookies\/"]}]},{"@type":"BreadcrumbList","@id":"https:\/\/brpiorun.pl\/index.php\/polityka-plikow-cookies\/#breadcrumb","itemListElement":[{"@type":"ListItem","position":1,"name":"Strona g\u0142\u00f3wna","item":"https:\/\/brpiorun.pl\/"},{"@type":"ListItem","position":2,"name":"Polityka plik\u00f3w cookies"}]},{"@type":"WebSite","@id":"https:\/\/brpiorun.pl\/#website","url":"https:\/\/brpiorun.pl\/","name":"PIORUN Biuro Rachunkowe","description":"Piotr Rusinowski","publisher":{"@id":"https:\/\/brpiorun.pl\/#organization"},"potentialAction":[{"@type":"SearchAction","target":{"@type":"EntryPoint","urlTemplate":"https:\/\/brpiorun.pl\/?s={search_term_string}"},"query-input":{"@type":"PropertyValueSpecification","valueRequired":true,"valueName":"search_term_string"}}],"inLanguage":"pl-PL"},{"@type":"Organization","@id":"https:\/\/brpiorun.pl\/#organization","name":"PIORUN Biuro Rachunkowe","url":"https:\/\/brpiorun.pl\/","logo":{"@type":"ImageObject","inLanguage":"pl-PL","@id":"https:\/\/brpiorun.pl\/#\/schema\/logo\/image\/","url":"https:\/\/brpiorun.pl\/wp-content\/uploads\/2022\/03\/cropped-logo_br_p6.png","contentUrl":"https:\/\/brpiorun.pl\/wp-content\/uploads\/2022\/03\/cropped-logo_br_p6.png","width":247,"height":88,"caption":"PIORUN Biuro Rachunkowe"},"image":{"@id":"https:\/\/brpiorun.pl\/#\/schema\/logo\/image\/"}}]}},"_links":{"self":[{"href":"https:\/\/brpiorun.pl\/index.php\/wp-json\/wp\/v2\/pages\/2743","targetHints":{"allow":["GET"]}}],"collection":[{"href":"https:\/\/brpiorun.pl\/index.php\/wp-json\/wp\/v2\/pages"}],"about":[{"href":"https:\/\/brpiorun.pl\/index.php\/wp-json\/wp\/v2\/types\/page"}],"author":[{"embeddable":true,"href":"https:\/\/brpiorun.pl\/index.php\/wp-json\/wp\/v2\/users\/1"}],"replies":[{"embeddable":true,"href":"https:\/\/brpiorun.pl\/index.php\/wp-json\/wp\/v2\/comments?post=2743"}],"version-history":[{"count":8,"href":"https:\/\/brpiorun.pl\/index.php\/wp-json\/wp\/v2\/pages\/2743\/revisions"}],"predecessor-version":[{"id":2759,"href":"https:\/\/brpiorun.pl\/index.php\/wp-json\/wp\/v2\/pages\/2743\/revisions\/2759"}],"wp:attachment":[{"href":"https:\/\/brpiorun.pl\/index.php\/wp-json\/wp\/v2\/media?parent=2743"}],"curies":[{"name":"wp","href":"https:\/\/api.w.org\/{rel}","templated":true}]}}